{"id":729,"date":"2022-11-28T17:16:50","date_gmt":"2022-11-28T16:16:50","guid":{"rendered":"https:\/\/liquid-s.com\/validation-project-services\/"},"modified":"2022-12-19T11:21:18","modified_gmt":"2022-12-19T10:21:18","slug":"validation-project-services","status":"publish","type":"page","link":"https:\/\/liquid-s.com\/de\/validation-project-services\/","title":{"rendered":"Validierungen"},"content":{"rendered":"<section class=\"block-1-hero\" style=\" margin-top: rem; margin-bottom: rem;\">\n\t\t<div class=\"container\">\n\t\t<div class=\"row\">\n\t\t\t<div class=\"col-xs-12 col-md-9 col-lg-7\">\n\t\t\t\t<div class=\"textWrap\">\n\t\t\t\t\t<h1>Validierungen<\/h1>\n<h3><span style=\"color: #ccffff;\">Ihre compliance &#8211; unsere Aufgabe.<\/span><\/h3>\n\t\t\t\t<\/div>\n\t\t\t<\/div>\n\t\t<\/div>\n\t<\/div>\n<\/section>\n\n\n<section class=\"block-3-bild-und-text\" style=\" padding-top: rem; padding-bottom: rem;\">\n\t<div class=\"innerWrap\">\n\t\t\t\t<div class=\"container\">\n\t\t\t<div class=\"row\">\n\t\t\t\t<div class=\"col-xs-12 col-md-8 col-lg-6\">\n\t\t\t\t\t<div class=\"textWrap\">\n\t\t\t\t\t\t<p>Unsere erfahrenen Projekt- und Validierungsmanager kennen die Prozesse aus langj\u00e4hriger Praxis und konnten ihr K\u00f6nnen und ihr Qualit\u00e4tsbewusstsein in vielen Projekten unter Beweis stellen. Wir helfen Ihnen, eine GxP konforme Systemdokumentation Ihrer Applikationen zu erstellen, die den Regeln entsprechen und bereiten Sie darauf vor, dies in kommenden Inspektionen zu beweisen.<\/p>\n<p>Wir unterst\u00fctzen die massgebenden Phasen des Validierungsprozesses:<\/p>\n<ul>\n<li>Validation Planning<\/li>\n<li>Requirements Specification<\/li>\n<li>Functional Specification<\/li>\n<li>Design Specification<\/li>\n<li>Module Specification<\/li>\n<li>Module Testing<\/li>\n<li>Integration Testing<\/li>\n<li>Functional Testing<\/li>\n<li>Requirements Testing<\/li>\n<li>Traceability Matrix<\/li>\n<li>Validation Report<\/li>\n<\/ul>\n<p>und helfen Ihnen, die n\u00f6tige Dokumentation f\u00fcr den Betrieb zu erstellen und\u00a0 Audits vorzubereiten.<\/p>\n<p>Unsere Erfahrung deckt die folgenden Bereiche ab:<\/p>\n<ul>\n<li>Electronic Document Management and Archiving (eDMS)<\/li>\n<li>Laboratory Information Management System (LIMS)<\/li>\n<li>Pharmacovigilance and Drug Safety Databases<\/li>\n<li>Submission Tracking Systems<\/li>\n<li>Enterprise Resource Management Systems (ERP)<\/li>\n<li>Contract Management Systems<\/li>\n<\/ul>\n<p>Wir halten die neuesten GAMP Guides ein und aktualisieren unser Branchenwissen laufend.<\/p>\n<p>Kontaktieren Sie uns, wir sind hier, um Ihnen zu helfen.<\/p>\n<p>&nbsp;<\/p>\n \n\t\t\t\t\t<\/div>\n\t\t\t\t<\/div>\n\t\t\t<\/div>\n\t\t<\/div>\n\t\t\t\t<div class=\"imgWrap\" style=\"background-image: url('https:\/\/liquid-s.com\/wp-content\/uploads\/2022\/11\/shutterstock_1984035380-1170x780.jpg'); background-position-x: 50%; background-position-y: 50%;\"><\/div>\n\t<\/div>\n<\/section>\n","protected":false},"excerpt":{"rendered":"","protected":false},"author":3,"featured_media":0,"parent":0,"menu_order":0,"comment_status":"closed","ping_status":"closed","template":"","meta":{"_acf_changed":false,"inline_featured_image":false,"footnotes":""},"class_list":["post-729","page","type-page","status-publish","hentry"],"acf":[],"_links":{"self":[{"href":"https:\/\/liquid-s.com\/de\/wp-json\/wp\/v2\/pages\/729","targetHints":{"allow":["GET"]}}],"collection":[{"href":"https:\/\/liquid-s.com\/de\/wp-json\/wp\/v2\/pages"}],"about":[{"href":"https:\/\/liquid-s.com\/de\/wp-json\/wp\/v2\/types\/page"}],"author":[{"embeddable":true,"href":"https:\/\/liquid-s.com\/de\/wp-json\/wp\/v2\/users\/3"}],"replies":[{"embeddable":true,"href":"https:\/\/liquid-s.com\/de\/wp-json\/wp\/v2\/comments?post=729"}],"version-history":[{"count":8,"href":"https:\/\/liquid-s.com\/de\/wp-json\/wp\/v2\/pages\/729\/revisions"}],"predecessor-version":[{"id":848,"href":"https:\/\/liquid-s.com\/de\/wp-json\/wp\/v2\/pages\/729\/revisions\/848"}],"wp:attachment":[{"href":"https:\/\/liquid-s.com\/de\/wp-json\/wp\/v2\/media?parent=729"}],"curies":[{"name":"wp","href":"https:\/\/api.w.org\/{rel}","templated":true}]}}