{"id":727,"date":"2022-11-14T16:23:39","date_gmt":"2022-11-14T15:23:39","guid":{"rendered":"https:\/\/liquid-s.com\/liquid-s\/"},"modified":"2024-08-14T11:20:53","modified_gmt":"2024-08-14T09:20:53","slug":"liquid-s","status":"publish","type":"page","link":"https:\/\/liquid-s.com\/de\/","title":{"rendered":"liquid-s"},"content":{"rendered":"<section class=\"block-1-hero\" style=\" margin-top: rem; margin-bottom: rem;\">\n\t\t<div class=\"container\">\n\t\t<div class=\"row\">\n\t\t\t<div class=\"col-xs-12 col-md-9 col-lg-7\">\n\t\t\t\t<div class=\"textWrap\">\n\t\t\t\t\t<h1>Ihr Vertrauen &#8211; unsere Motivation.<\/h1>\n<p><span style=\"color: #ccffff;\">Ihr Partner f\u00fcr Qualit\u00e4tssicherung f\u00fcr Prozesse, Daten und Systeme, digitale Transformation und elektronisches Dokumentenmanagement in einem GxP regulierten Umfeld.<\/span><\/p>\n\t\t\t\t<\/div>\n\t\t\t<\/div>\n\t\t<\/div>\n\t<\/div>\n<\/section>\n\n\n<section class=\"block-2-bild-und-text-kachel pushMeUp\" style=\" padding-top: rem; padding-bottom: 2rem;\">\n\t\t<div class=\"container\">\n\t\t<div class=\"flexRow\">\n\t\t\t<div class=\"col-xs-12 col-lg-6 order2xs order2sm  maToXS3\">\n\t\t\t\t<div class=\"textWrap\">\n\t\t\t\t\t<h2>Digitale Transformation<\/h2>\n<p>Mit unserem validierten Scanning Center unterst\u00fctzen wir Sie beim Transfer Ihrer papierbasierten Dokumente in die digitale Welt. Wir organisieren den Transport Ihrer Ordner, bereiten das Scanning vor, erstellen durchsuchbare PDF\/A, erg\u00e4nzen die Metadaten und Indizes. Wir k\u00fcmmern uns um die R\u00fcckf\u00fchrung der Originale oder stellen eine qualifizierte Entsorgung sicher.<\/p>\n<p>Optional erstellen wir den Code f\u00fcr die \u00dcberf\u00fchrung der Records in Ihr elektronisches Archiv.<br \/>\nSie k\u00f6nnen auf unsere validierten Prozesse z\u00e4hlen, die die Vollst\u00e4ndigkeit und die akkurate Umsetzung Ihres Auftrages garantieren.<\/p>\n<p>Archivieren Sie Ihre Datenbanken zuverl\u00e4ssig. Wir stellen mit Ihnen die Daten zusammen, die dann im PDF\/A extrahiert werden und somit f\u00fcr den Import in Ihr DMS zur Verf\u00fcgung stehen. Unsere Spezialisten unterst\u00fctzen Sie tatkr\u00e4ftig beim Erstellen der Selects der Daten.<\/p>\n<p>Die Arbeiten erfolgen vor Ort oder in unserem Scanning Center in Liestal, Schweiz. Unser End-to-End Service wird durch IT-Sicherheitsmassnahmen gesch\u00fctzt, die den h\u00f6chsten Anspr\u00fcchen an Qualit\u00e4t und Vertraulichkeit gen\u00fcgen.<\/p>\n<p>&nbsp;<\/p>\n<p><a class=\"ctaBtn ghostBtn\" href=\"https:\/\/liquid-s.com\/de\/digitale-transformation\/\">Mehr Informationen<\/a><\/p>\n\t\t\t\t<\/div>\n\t\t\t<\/div>\n\t\t\t<div class=\"col-xs-12 col-lg-6 order1xs imgCol\">\n\t\t\t\t\t\t\t\t<div class=\"imgWrap\" style=\"background-image: url('https:\/\/liquid-s.com\/wp-content\/uploads\/2022\/11\/shutterstock_379855807-991x661.jpg'); background-position-x: 50%; background-position-y: 50%;\"><\/div>\n\t\t\t<\/div>\n\t\t<\/div>\n\t<\/div>\n<\/section>\n\n\n<section class=\"block-2-bild-und-text-kachel\" style=\" padding-top: 2rem; padding-bottom: 2rem;\">\n\t\t<div class=\"container\">\n\t\t<div class=\"flexRow\">\n\t\t\t<div class=\"col-xs-12 col-lg-6 order2xs order2sm  maToXS3 order2md\">\n\t\t\t\t<div class=\"textWrap\">\n\t\t\t\t\t<h2>Validierung<\/h2>\n<p>&nbsp;<\/p>\n<p>Wir begleiten Sie bei der Validierung Ihrer Projekte f\u00fcr Systeme im regulierten Umfeld. Wir beraten Sie in allen Phasen des Validierungsprozesses und unterst\u00fctzen Sie bei der Erstellung der entsprechenden Dokumentation.<\/p>\n<p>&nbsp;<\/p>\n<p><a class=\"ctaBtn ghostBtn\" href=\"https:\/\/liquid-s.com\/de\/validation-project-services\/\">Mehr Information<\/a><\/p>\n\t\t\t\t<\/div>\n\t\t\t<\/div>\n\t\t\t<div class=\"col-xs-12 col-lg-6 order1xs order1sm order1md leftImg imgCol\">\n\t\t\t\t\t\t\t\t<div class=\"imgWrap\" style=\"background-image: url('https:\/\/liquid-s.com\/wp-content\/uploads\/2022\/11\/shutterstock_492355141-991x703.jpg'); background-position-x: 40%; background-position-y: 50%;\"><\/div>\n\t\t\t<\/div>\n\t\t<\/div>\n\t<\/div>\n<\/section>\n\n\n<section class=\"block-2-bild-und-text-kachel\" style=\" padding-top: 2rem; padding-bottom: 2rem;\">\n\t\t<div class=\"container\">\n\t\t<div class=\"flexRow\">\n\t\t\t<div class=\"col-xs-12 col-lg-6 order2xs order2sm  maToXS3\">\n\t\t\t\t<div class=\"textWrap\">\n\t\t\t\t\t<h2>Consulting and Project Management<\/h2>\n<p>&nbsp;<\/p>\n<p>Wir verstehen unser Gesch\u00e4ft. W\u00e4hrend vieler Jahre intensiver Arbeit in verschiedenen Gesch\u00e4ftsfeldern konnten wir unsere Kompetenzen sch\u00e4rfen. Wir begleiten Sie bei der Ausarbeitung der Strategie, erstellen das Konzept, definieren die Projekte, treiben die Entwicklung und implementieren die L\u00f6sung.<\/p>\n<p>&nbsp;<\/p>\n<p><a class=\"ctaBtn ghostBtn\" href=\"https:\/\/liquid-s.com\/de\/beratung-und-projektmanagement\/\">Mehr Information<\/a><\/p>\n\t\t\t\t<\/div>\n\t\t\t<\/div>\n\t\t\t<div class=\"col-xs-12 col-lg-6 order1xs imgCol\">\n\t\t\t\t\t\t\t\t<div class=\"imgWrap\" style=\"background-image: url('https:\/\/liquid-s.com\/wp-content\/uploads\/2022\/11\/shutterstock_2016196394-991x619.jpg'); background-position-x: 50%; background-position-y: 50%;\"><\/div>\n\t\t\t<\/div>\n\t\t<\/div>\n\t<\/div>\n<\/section>\n","protected":false},"excerpt":{"rendered":"","protected":false},"author":1,"featured_media":0,"parent":0,"menu_order":0,"comment_status":"closed","ping_status":"closed","template":"","meta":{"_acf_changed":false,"inline_featured_image":false,"footnotes":""},"class_list":["post-727","page","type-page","status-publish","hentry"],"acf":[],"_links":{"self":[{"href":"https:\/\/liquid-s.com\/de\/wp-json\/wp\/v2\/pages\/727","targetHints":{"allow":["GET"]}}],"collection":[{"href":"https:\/\/liquid-s.com\/de\/wp-json\/wp\/v2\/pages"}],"about":[{"href":"https:\/\/liquid-s.com\/de\/wp-json\/wp\/v2\/types\/page"}],"author":[{"embeddable":true,"href":"https:\/\/liquid-s.com\/de\/wp-json\/wp\/v2\/users\/1"}],"replies":[{"embeddable":true,"href":"https:\/\/liquid-s.com\/de\/wp-json\/wp\/v2\/comments?post=727"}],"version-history":[{"count":31,"href":"https:\/\/liquid-s.com\/de\/wp-json\/wp\/v2\/pages\/727\/revisions"}],"predecessor-version":[{"id":898,"href":"https:\/\/liquid-s.com\/de\/wp-json\/wp\/v2\/pages\/727\/revisions\/898"}],"wp:attachment":[{"href":"https:\/\/liquid-s.com\/de\/wp-json\/wp\/v2\/media?parent=727"}],"curies":[{"name":"wp","href":"https:\/\/api.w.org\/{rel}","templated":true}]}}